{"id":9077,"date":"2022-08-30T22:04:25","date_gmt":"2022-08-30T20:04:25","guid":{"rendered":"https:\/\/jicap-performance.com\/de-v2\/?page_id=9077"},"modified":"2026-02-10T18:32:01","modified_gmt":"2026-02-10T17:32:01","slug":"schliessen-sie-sich-uns-an","status":"publish","type":"page","link":"https:\/\/jicap-performance.com\/ch-de\/schliessen-sie-sich-uns-an\/","title":{"rendered":"Join us"},"content":{"rendered":"\t\t<div data-elementor-type=\"wp-page\" data-elementor-id=\"9077\" class=\"elementor elementor-9077\" data-elementor-post-type=\"page\">\n\t\t\t\t\t\t\t\t\t<section class=\"elementor-section elementor-top-section elementor-element elementor-element-6a9b2b17 elementor-section-stretched elementor-section-height-full animated-slow elementor-section-items-stretch elementor-section-boxed elementor-section-height-default parallax_section_no qode_elementor_container_no elementor-invisible\" data-id=\"6a9b2b17\" data-element_type=\"section\" data-settings=\"{&quot;stretch_section&quot;:&quot;section-stretched&quot;,&quot;background_background&quot;:&quot;classic&quot;,&quot;animation&quot;:&quot;fadeInRight&quot;}\">\n\t\t\t\t\t\t\t<div class=\"elementor-background-overlay\"><\/div>\n\t\t\t\t\t\t\t<div class=\"elementor-container elementor-column-gap-no\">\n\t\t\t\t\t<div class=\"elementor-column elementor-col-100 elementor-top-column elementor-element elementor-element-3654d9a2\" data-id=\"3654d9a2\" data-element_type=\"column\">\n\t\t\t<div class=\"elementor-widget-wrap elementor-element-populated\">\n\t\t\t\t\t\t\t\t<div class=\"elementor-element elementor-element-34025ff elementor-widget elementor-widget-heading\" data-id=\"34025ff\" data-element_type=\"widget\" data-widget_type=\"heading.default\">\n\t\t\t\t<div class=\"elementor-widget-container\">\n\t\t\t<h1 class=\"elementor-heading-title elementor-size-default\">STEIGEN SIE EIN IN EIN MOTIVIERENDES UND LOHNENDES ERLEBNIS<\/h1>\t\t<\/div>\n\t\t\t\t<\/div>\n\t\t\t\t\t<\/div>\n\t\t<\/div>\n\t\t\t\t\t\t\t<\/div>\n\t\t<\/section>\n\t\t\t\t<section class=\"elementor-section elementor-top-section elementor-element elementor-element-c09c101 elementor-section-content-middle elementor-section-stretched elementor-section-boxed elementor-section-height-default elementor-section-height-default parallax_section_no qode_elementor_container_no\" data-id=\"c09c101\" data-element_type=\"section\" data-settings=\"{&quot;stretch_section&quot;:&quot;section-stretched&quot;,&quot;background_background&quot;:&quot;classic&quot;}\">\n\t\t\t\t\t\t<div class=\"elementor-container elementor-column-gap-no\">\n\t\t\t\t\t<div class=\"elementor-column elementor-col-100 elementor-top-column elementor-element elementor-element-6c711db\" data-id=\"6c711db\" data-element_type=\"column\">\n\t\t\t<div class=\"elementor-widget-wrap elementor-element-populated\">\n\t\t\t\t\t\t\t\t<section class=\"elementor-section elementor-inner-section elementor-element elementor-element-99a36b1 elementor-section-full_width elementor-section-height-default elementor-section-height-default parallax_section_no qode_elementor_container_no\" data-id=\"99a36b1\" data-element_type=\"section\">\n\t\t\t\t\t\t<div class=\"elementor-container elementor-column-gap-wide\">\n\t\t\t\t\t<div class=\"elementor-column elementor-col-100 elementor-inner-column elementor-element elementor-element-90ca30b\" data-id=\"90ca30b\" data-element_type=\"column\">\n\t\t\t<div class=\"elementor-widget-wrap elementor-element-populated\">\n\t\t\t\t\t\t\t\t<div class=\"elementor-element elementor-element-d00db09 elementor-widget elementor-widget-heading\" data-id=\"d00db09\" data-element_type=\"widget\" data-widget_type=\"heading.default\">\n\t\t\t\t<div class=\"elementor-widget-container\">\n\t\t\t<h2 class=\"elementor-heading-title elementor-size-default\">Arbeiten bei JICAP<\/h2>\t\t<\/div>\n\t\t\t\t<\/div>\n\t\t\t\t<div class=\"elementor-element elementor-element-da0c876 elementor-widget elementor-widget-text-editor\" data-id=\"da0c876\" data-element_type=\"widget\" data-widget_type=\"text-editor.default\">\n\t\t\t\t<div class=\"elementor-widget-container\">\n\t\t\t\t\t\t\t<p class=\"Corps\"><span lang=\"DE\">Bei JICAP zu arbeiten bedeutet, sich einem Team anzuschlie\u00dfen, das menschlich, agil und ehrgeizig ist, sich aber vor allem f\u00fcr seine Kunden einsetzt. Jeder Mitarbeiter hat Zugang zu zahlreichen innovativen und zukunftsweisenden Projekten, so dass die Weitergabe von Fachwissen mit Leistung einhergeht und die Entwicklung der Kompetenzen jedes Einzelnen gew\u00e4hrleistet ist.<\/span><\/p>\t\t\t\t\t\t<\/div>\n\t\t\t\t<\/div>\n\t\t\t\t<div class=\"elementor-element elementor-element-72c9fa93 elementor-widget elementor-widget-button\" data-id=\"72c9fa93\" data-element_type=\"widget\" data-widget_type=\"button.default\">\n\t\t\t\t<div class=\"elementor-widget-container\">\n\t\t\t\t\t<div class=\"elementor-button-wrapper\">\n\t\t\t<a class=\"elementor-button elementor-button-link elementor-size-md\" href=\"https:\/\/jicap-performance.com\/ch-de\/unsere-stellenangebote\/\">\n\t\t\t\t\t\t<span class=\"elementor-button-content-wrapper\">\n\t\t\t\t\t\t<span class=\"elementor-button-text\">Sehen Sie sich unsere Stellenangebote an<\/span>\n\t\t<\/span>\n\t\t\t\t\t<\/a>\n\t\t<\/div>\n\t\t\t\t<\/div>\n\t\t\t\t<\/div>\n\t\t\t\t\t<\/div>\n\t\t<\/div>\n\t\t\t\t\t\t\t<\/div>\n\t\t<\/section>\n\t\t\t\t\t<\/div>\n\t\t<\/div>\n\t\t\t\t\t\t\t<\/div>\n\t\t<\/section>\n\t\t\t\t<section class=\"elementor-section elementor-top-section elementor-element elementor-element-0f140e3 elementor-section-stretched elementor-section-boxed elementor-section-height-default elementor-section-height-default parallax_section_no qode_elementor_container_no\" data-id=\"0f140e3\" data-element_type=\"section\" data-settings=\"{&quot;stretch_section&quot;:&quot;section-stretched&quot;,&quot;background_background&quot;:&quot;classic&quot;}\">\n\t\t\t\t\t\t<div class=\"elementor-container elementor-column-gap-default\">\n\t\t\t\t\t<div class=\"elementor-column elementor-col-100 elementor-top-column elementor-element elementor-element-8bb44b4\" data-id=\"8bb44b4\" data-element_type=\"column\">\n\t\t\t<div class=\"elementor-widget-wrap elementor-element-populated\">\n\t\t\t\t\t\t\t\t<div class=\"elementor-element elementor-element-d5e4a81 elementor-widget elementor-widget-heading\" data-id=\"d5e4a81\" data-element_type=\"widget\" data-widget_type=\"heading.default\">\n\t\t\t\t<div class=\"elementor-widget-container\">\n\t\t\t<h2 class=\"elementor-heading-title elementor-size-default\">Das Leben im Unternehemen<\/h2>\t\t<\/div>\n\t\t\t\t<\/div>\n\t\t\t\t\t<\/div>\n\t\t<\/div>\n\t\t\t\t\t\t\t<\/div>\n\t\t<\/section>\n\t\t\t\t<section class=\"elementor-section elementor-top-section elementor-element elementor-element-0158bdb elementor-section-full_width elementor-section-stretched elementor-section-height-default elementor-section-height-default parallax_section_no qode_elementor_container_no\" data-id=\"0158bdb\" data-element_type=\"section\" data-settings=\"{&quot;stretch_section&quot;:&quot;section-stretched&quot;}\">\n\t\t\t\t\t\t<div class=\"elementor-container elementor-column-gap-default\">\n\t\t\t\t\t<div class=\"elementor-column elementor-col-100 elementor-top-column elementor-element elementor-element-ccbd5af\" data-id=\"ccbd5af\" data-element_type=\"column\">\n\t\t\t<div class=\"elementor-widget-wrap elementor-element-populated\">\n\t\t\t\t\t\t\t\t<div class=\"elementor-element elementor-element-c1f121d elementor-widget elementor-widget-bridge_image_slider_no_space\" data-id=\"c1f121d\" data-element_type=\"widget\" data-widget_type=\"bridge_image_slider_no_space.default\">\n\t\t\t\t<div class=\"elementor-widget-container\">\n\t\t\t<div class='qode_image_gallery_no_space light highlight_active'><div class='qode_image_gallery_holder' style='height: 400px;'><ul style = \"background-color: #0D2F4B\" ><li  ><div style=\"height: 400px; width:533px;\"><img decoding=\"async\" itemprop=\"image\" src=\"https:\/\/jicap-performance.com\/ch-de\/wp-content\/uploads\/sites\/14\/2022\/09\/JICAP-Journee-Bateau.jpg\" alt=\"\" \/><\/div><\/li><li  ><div style=\"height: 400px; width:534px;\"><img decoding=\"async\" itemprop=\"image\" src=\"https:\/\/jicap-performance.com\/ch-de\/wp-content\/uploads\/sites\/14\/2022\/09\/JICAP-Dejeuner.jpg\" alt=\"\" \/><\/div><\/li><li  ><div style=\"height: 400px; width:533px;\"><img decoding=\"async\" itemprop=\"image\" src=\"https:\/\/jicap-performance.com\/ch-de\/wp-content\/uploads\/sites\/14\/2022\/09\/JICAP-Sortie-2.jpg\" alt=\"\" \/><\/div><\/li><li  ><div style=\"height: 400px; width:532px;\"><img decoding=\"async\" itemprop=\"image\" src=\"https:\/\/jicap-performance.com\/ch-de\/wp-content\/uploads\/sites\/14\/2022\/09\/JICAP-Sortie.jpg\" alt=\"\" \/><\/div><\/li><li  ><div style=\"height: 400px; width:534px;\"><img decoding=\"async\" itemprop=\"image\" src=\"https:\/\/jicap-performance.com\/ch-de\/wp-content\/uploads\/sites\/14\/2022\/10\/JICAP-Cuisine.jpg\" alt=\"L'\u00e9quipe JICAP r\u00e9unie dans la cuisine pour un ap\u00e9ritif.\" \/><\/div><\/li><li  ><div style=\"height: 400px; width:534px;\"><img decoding=\"async\" itemprop=\"image\" src=\"https:\/\/jicap-performance.com\/ch-de\/wp-content\/uploads\/sites\/14\/2022\/09\/JICAP-Petanque.jpg\" alt=\"\" \/><\/div><\/li><li  ><div style=\"height: 400px; width:534px;\"><img decoding=\"async\" itemprop=\"image\" src=\"https:\/\/jicap-performance.com\/ch-de\/wp-content\/uploads\/sites\/14\/2022\/09\/JICAP-Aperitif.jpg\" alt=\"\" \/><\/div><\/li><\/ul><\/div><div class=\"controls\"><a class=\"prev-slide\" href=\"#\"><span><i class=\"fa fa-angle-left\"><\/i><\/span><\/a><a class=\"next-slide\" href=\"#\"><span><i class=\"fa fa-angle-right\"><\/i><\/span><\/a><\/div><\/div>\t\t<\/div>\n\t\t\t\t<\/div>\n\t\t\t\t\t<\/div>\n\t\t<\/div>\n\t\t\t\t\t\t\t<\/div>\n\t\t<\/section>\n\t\t\t\t<section class=\"elementor-section elementor-top-section elementor-element elementor-element-62a17324 elementor-section-stretched elementor-section-full_width elementor-section-height-default elementor-section-height-default parallax_section_no qode_elementor_container_no\" data-id=\"62a17324\" data-element_type=\"section\" data-settings=\"{&quot;stretch_section&quot;:&quot;section-stretched&quot;,&quot;background_background&quot;:&quot;classic&quot;}\">\n\t\t\t\t\t\t\t<div class=\"elementor-background-overlay\"><\/div>\n\t\t\t\t\t\t\t<div class=\"elementor-container elementor-column-gap-default\">\n\t\t\t\t\t<div class=\"elementor-column elementor-col-100 elementor-top-column elementor-element elementor-element-4eb0ab93\" data-id=\"4eb0ab93\" data-element_type=\"column\" data-settings=\"{&quot;background_background&quot;:&quot;classic&quot;}\">\n\t\t\t<div class=\"elementor-widget-wrap elementor-element-populated\">\n\t\t\t\t\t\t\t\t<div class=\"elementor-element elementor-element-402b1af1 elementor-widget elementor-widget-heading\" data-id=\"402b1af1\" data-element_type=\"widget\" data-widget_type=\"heading.default\">\n\t\t\t\t<div class=\"elementor-widget-container\">\n\t\t\t<h2 class=\"elementor-heading-title elementor-size-default\">Unsere Werte<\/h2>\t\t<\/div>\n\t\t\t\t<\/div>\n\t\t\t\t<section class=\"elementor-section elementor-inner-section elementor-element elementor-element-64f74708 elementor-section-boxed elementor-section-height-default elementor-section-height-default parallax_section_no qode_elementor_container_no\" data-id=\"64f74708\" data-element_type=\"section\">\n\t\t\t\t\t\t<div class=\"elementor-container elementor-column-gap-default\">\n\t\t\t\t\t<div class=\"elementor-column elementor-col-50 elementor-inner-column elementor-element elementor-element-e4518fb\" data-id=\"e4518fb\" data-element_type=\"column\" data-settings=\"{&quot;background_background&quot;:&quot;classic&quot;}\">\n\t\t\t<div class=\"elementor-widget-wrap elementor-element-populated\">\n\t\t\t\t\t\t\t\t<div class=\"elementor-element elementor-element-49d0d7f9 elementor-widget elementor-widget-heading\" data-id=\"49d0d7f9\" data-element_type=\"widget\" data-widget_type=\"heading.default\">\n\t\t\t\t<div class=\"elementor-widget-container\">\n\t\t\t<h3 class=\"elementor-heading-title elementor-size-default\">EXZELLENZ<\/h3>\t\t<\/div>\n\t\t\t\t<\/div>\n\t\t\t\t<div class=\"elementor-element elementor-element-4bed9b20 elementor-widget elementor-widget-text-editor\" data-id=\"4bed9b20\" data-element_type=\"widget\" data-widget_type=\"text-editor.default\">\n\t\t\t\t<div class=\"elementor-widget-container\">\n\t\t\t\t\t\t\t<p class=\"Corps\"><span lang=\"DE\">Die Exzellenz unserer Interventionen durch unser Fachwissen, unsere Pr\u00e4zision und die Einhaltung unserer gemeinsamen Verpflichtungen zu gew\u00e4hrleisten.<\/span><\/p>\t\t\t\t\t\t<\/div>\n\t\t\t\t<\/div>\n\t\t\t\t<div class=\"elementor-element elementor-element-6b1b6689 elementor-widget elementor-widget-heading\" data-id=\"6b1b6689\" data-element_type=\"widget\" data-widget_type=\"heading.default\">\n\t\t\t\t<div class=\"elementor-widget-container\">\n\t\t\t<h3 class=\"elementor-heading-title elementor-size-default\">Passion<\/h3>\t\t<\/div>\n\t\t\t\t<\/div>\n\t\t\t\t<div class=\"elementor-element elementor-element-3631009b elementor-widget elementor-widget-text-editor\" data-id=\"3631009b\" data-element_type=\"widget\" data-widget_type=\"text-editor.default\">\n\t\t\t\t<div class=\"elementor-widget-container\">\n\t\t\t\t\t\t\t<p>Unsere Passion f\u00fcr die Welt des Einkaufs teilen, indem wir die besten Praktiken des Marktes anwenden und so von unserem \u00d6kosystem profitieren.<\/p>\t\t\t\t\t\t<\/div>\n\t\t\t\t<\/div>\n\t\t\t\t<div class=\"elementor-element elementor-element-840a90b elementor-widget elementor-widget-heading\" data-id=\"840a90b\" data-element_type=\"widget\" data-widget_type=\"heading.default\">\n\t\t\t\t<div class=\"elementor-widget-container\">\n\t\t\t<h3 class=\"elementor-heading-title elementor-size-default\">UNTERNEHMERISCHER GEIST<\/h3>\t\t<\/div>\n\t\t\t\t<\/div>\n\t\t\t\t<div class=\"elementor-element elementor-element-4344fb5 elementor-widget elementor-widget-text-editor\" data-id=\"4344fb5\" data-element_type=\"widget\" data-widget_type=\"text-editor.default\">\n\t\t\t\t<div class=\"elementor-widget-container\">\n\t\t\t\t\t\t\t<p class=\"Corps\"><span lang=\"DE\">Neue Wege des Denkens und Handelns einschlagen und initiieren, um unsere Unternehmen und unser intellektuelles Kapital zu entwickeln.<\/span><\/p>\t\t\t\t\t\t<\/div>\n\t\t\t\t<\/div>\n\t\t\t\t\t<\/div>\n\t\t<\/div>\n\t\t\t\t<div class=\"elementor-column elementor-col-50 elementor-inner-column elementor-element elementor-element-5dbb93\" data-id=\"5dbb93\" data-element_type=\"column\" data-settings=\"{&quot;background_background&quot;:&quot;classic&quot;}\">\n\t\t\t<div class=\"elementor-widget-wrap elementor-element-populated\">\n\t\t\t\t\t\t\t\t<div class=\"elementor-element elementor-element-571e54f6 elementor-widget elementor-widget-heading\" data-id=\"571e54f6\" data-element_type=\"widget\" data-widget_type=\"heading.default\">\n\t\t\t\t<div class=\"elementor-widget-container\">\n\t\t\t<h3 class=\"elementor-heading-title elementor-size-default\">KUNDENN\u00c4HE<\/h3>\t\t<\/div>\n\t\t\t\t<\/div>\n\t\t\t\t<div class=\"elementor-element elementor-element-74f7681e elementor-widget elementor-widget-text-editor\" data-id=\"74f7681e\" data-element_type=\"widget\" data-widget_type=\"text-editor.default\">\n\t\t\t\t<div class=\"elementor-widget-container\">\n\t\t\t\t\t\t\t<p>Gew\u00e4hrleistung einer Intervention, die es Ihnen erm\u00f6glicht, realistische Ambitionen zu entwickeln und von einer soliden operativen Umsetzung zu profitieren.<\/p>\t\t\t\t\t\t<\/div>\n\t\t\t\t<\/div>\n\t\t\t\t<div class=\"elementor-element elementor-element-652f388d elementor-widget elementor-widget-heading\" data-id=\"652f388d\" data-element_type=\"widget\" data-widget_type=\"heading.default\">\n\t\t\t\t<div class=\"elementor-widget-container\">\n\t\t\t<h3 class=\"elementor-heading-title elementor-size-default\">TRANSPARENZ<\/h3>\t\t<\/div>\n\t\t\t\t<\/div>\n\t\t\t\t<div class=\"elementor-element elementor-element-7e82d893 elementor-widget elementor-widget-text-editor\" data-id=\"7e82d893\" data-element_type=\"widget\" data-widget_type=\"text-editor.default\">\n\t\t\t\t<div class=\"elementor-widget-container\">\n\t\t\t\t\t\t\t<p class=\"Corps\"><span lang=\"DE\">Wir bringen eine klare und gemeinsame Vision ein, indem wir Sie von unserem Fachwissen in den Bereichen Projektmanagement, Business und Einkauf sowie Change Management profitieren lassen.<\/span><\/p>\t\t\t\t\t\t<\/div>\n\t\t\t\t<\/div>\n\t\t\t\t\t<\/div>\n\t\t<\/div>\n\t\t\t\t\t\t\t<\/div>\n\t\t<\/section>\n\t\t\t\t\t<\/div>\n\t\t<\/div>\n\t\t\t\t\t\t\t<\/div>\n\t\t<\/section>\n\t\t\t\t<section class=\"elementor-section elementor-top-section elementor-element elementor-element-596b83fd elementor-section-content-middle elementor-section-full_width elementor-section-stretched elementor-section-height-default elementor-section-height-default parallax_section_no qode_elementor_container_no\" data-id=\"596b83fd\" data-element_type=\"section\" data-settings=\"{&quot;background_background&quot;:&quot;classic&quot;,&quot;stretch_section&quot;:&quot;section-stretched&quot;}\">\n\t\t\t\t\t\t\t<div class=\"elementor-background-overlay\"><\/div>\n\t\t\t\t\t\t\t<div class=\"elementor-container elementor-column-gap-no\">\n\t\t\t\t\t<div class=\"elementor-column elementor-col-100 elementor-top-column elementor-element elementor-element-2013b035\" data-id=\"2013b035\" data-element_type=\"column\">\n\t\t\t<div class=\"elementor-widget-wrap elementor-element-populated\">\n\t\t\t\t\t\t\t\t<div class=\"elementor-element elementor-element-3b2440c7 elementor-widget elementor-widget-heading\" data-id=\"3b2440c7\" data-element_type=\"widget\" data-widget_type=\"heading.default\">\n\t\t\t\t<div class=\"elementor-widget-container\">\n\t\t\t<h4 class=\"elementor-heading-title elementor-size-default\">Ein Bed\u00fcrfnis, ein Projekt, Fragen ?<\/h4>\t\t<\/div>\n\t\t\t\t<\/div>\n\t\t\t\t<div class=\"elementor-element elementor-element-161b1638 e-transform elementor-invisible elementor-widget elementor-widget-heading\" data-id=\"161b1638\" data-element_type=\"widget\" data-settings=\"{&quot;_animation&quot;:&quot;pulse&quot;,&quot;_transform_scale_effect_hover&quot;:{&quot;unit&quot;:&quot;px&quot;,&quot;size&quot;:&quot;1.1&quot;,&quot;sizes&quot;:[]},&quot;_transform_scale_effect_hover_tablet&quot;:{&quot;unit&quot;:&quot;px&quot;,&quot;size&quot;:&quot;&quot;,&quot;sizes&quot;:[]},&quot;_transform_scale_effect_hover_mobile&quot;:{&quot;unit&quot;:&quot;px&quot;,&quot;size&quot;:&quot;&quot;,&quot;sizes&quot;:[]}}\" data-widget_type=\"heading.default\">\n\t\t\t\t<div class=\"elementor-widget-container\">\n\t\t\t<h5 class=\"elementor-heading-title elementor-size-default\"><a href=\"https:\/\/jicap-performance.com\/ch-de\/kontakt\/\">Kontaktieren Sie uns!<\/a><\/h5>\t\t<\/div>\n\t\t\t\t<\/div>\n\t\t\t\t\t<\/div>\n\t\t<\/div>\n\t\t\t\t\t\t\t<\/div>\n\t\t<\/section>\n\t\t\t\t\t\t\t<\/div>\n\t\t","protected":false},"excerpt":{"rendered":"<p>STEIGEN SIE EIN IN EIN MOTIVIERENDES UND LOHNENDES ERLEBNIS Arbeiten bei JICAP Bei JICAP zu arbeiten bedeutet, sich einem Team anzuschlie\u00dfen, das menschlich, agil und ehrgeizig ist, sich aber vor allem f\u00fcr seine Kunden einsetzt. Jeder Mitarbeiter hat Zugang zu zahlreichen innovativen und zukunftsweisenden Projekten,&#8230;<\/p>\n","protected":false},"author":2,"featured_media":0,"parent":0,"menu_order":0,"comment_status":"closed","ping_status":"closed","template":"","meta":{"om_disable_all_campaigns":false,"_monsterinsights_skip_tracking":false,"_monsterinsights_sitenote_active":false,"_monsterinsights_sitenote_note":"","_monsterinsights_sitenote_category":0},"_links":{"self":[{"href":"https:\/\/jicap-performance.com\/ch-de\/wp-json\/wp\/v2\/pages\/9077"}],"collection":[{"href":"https:\/\/jicap-performance.com\/ch-de\/wp-json\/wp\/v2\/pages"}],"about":[{"href":"https:\/\/jicap-performance.com\/ch-de\/wp-json\/wp\/v2\/types\/page"}],"author":[{"embeddable":true,"href":"https:\/\/jicap-performance.com\/ch-de\/wp-json\/wp\/v2\/users\/2"}],"replies":[{"embeddable":true,"href":"https:\/\/jicap-performance.com\/ch-de\/wp-json\/wp\/v2\/comments?post=9077"}],"version-history":[{"count":311,"href":"https:\/\/jicap-performance.com\/ch-de\/wp-json\/wp\/v2\/pages\/9077\/revisions"}],"predecessor-version":[{"id":14071,"href":"https:\/\/jicap-performance.com\/ch-de\/wp-json\/wp\/v2\/pages\/9077\/revisions\/14071"}],"wp:attachment":[{"href":"https:\/\/jicap-performance.com\/ch-de\/wp-json\/wp\/v2\/media?parent=9077"}],"curies":[{"name":"wp","href":"https:\/\/api.w.org\/{rel}","templated":true}]}}