{"id":12369,"date":"2023-02-12T18:38:26","date_gmt":"2023-02-12T17:38:26","guid":{"rendered":"https:\/\/jicap-performance.com\/de-v2\/?page_id=12369"},"modified":"2023-05-25T10:52:33","modified_gmt":"2023-05-25T08:52:33","slug":"kontakt","status":"publish","type":"page","link":"https:\/\/jicap-performance.com\/ch-de\/kontakt\/","title":{"rendered":"Contact us"},"content":{"rendered":"\t\t<div data-elementor-type=\"wp-page\" data-elementor-id=\"12369\" class=\"elementor elementor-12369\" data-elementor-post-type=\"page\">\n\t\t\t\t\t\t\t\t\t<section data-q_id=\"#Achat1\" class=\"elementor-section elementor-top-section elementor-element elementor-element-1ce98881 elementor-section-height-full elementor-section-items-stretch elementor-section-stretched elementor-section-boxed elementor-section-height-default parallax_section_no qode_elementor_container_no\" data-id=\"1ce98881\" data-element_type=\"section\" data-settings=\"{&quot;stretch_section&quot;:&quot;section-stretched&quot;,&quot;background_background&quot;:&quot;classic&quot;}\">\n\t\t\t\t\t\t\t<div class=\"elementor-background-overlay\"><\/div>\n\t\t\t\t\t\t\t<div class=\"elementor-container elementor-column-gap-default\">\n\t\t\t\t\t<div class=\"elementor-column elementor-col-100 elementor-top-column elementor-element elementor-element-3b9950c1\" data-id=\"3b9950c1\" data-element_type=\"column\">\n\t\t\t<div class=\"elementor-widget-wrap elementor-element-populated\">\n\t\t\t\t\t\t\t\t<div class=\"elementor-element elementor-element-6164c889 elementor-widget elementor-widget-heading\" data-id=\"6164c889\" data-element_type=\"widget\" data-widget_type=\"heading.default\">\n\t\t\t\t<div class=\"elementor-widget-container\">\n\t\t\t<h1 class=\"elementor-heading-title elementor-size-default\">Kontakt<\/h1>\t\t<\/div>\n\t\t\t\t<\/div>\n\t\t\t\t<div class=\"elementor-element elementor-element-517b6f24 elementor-widget elementor-widget-text-editor\" data-id=\"517b6f24\" data-element_type=\"widget\" data-widget_type=\"text-editor.default\">\n\t\t\t\t<div class=\"elementor-widget-container\">\n\t\t\t\t\t\t\t<p class=\"Corps\"><span lang=\"DE\">Unsere Teams in Frankreich und der Schweiz sind bereit, Sie zu unterst\u00fctzen.<\/span><\/p>\t\t\t\t\t\t<\/div>\n\t\t\t\t<\/div>\n\t\t\t\t\t<\/div>\n\t\t<\/div>\n\t\t\t\t\t\t\t<\/div>\n\t\t<\/section>\n\t\t\t\t<section class=\"elementor-section elementor-top-section elementor-element elementor-element-7fa2bc31 elementor-section-content-middle elementor-section-stretched elementor-section-boxed elementor-section-height-default elementor-section-height-default parallax_section_no qode_elementor_container_no\" data-id=\"7fa2bc31\" data-element_type=\"section\" data-settings=\"{&quot;stretch_section&quot;:&quot;section-stretched&quot;}\">\n\t\t\t\t\t\t<div class=\"elementor-container elementor-column-gap-extended\">\n\t\t\t\t\t<div class=\"elementor-column elementor-col-50 elementor-top-column elementor-element elementor-element-e43c50d\" data-id=\"e43c50d\" data-element_type=\"column\">\n\t\t\t<div class=\"elementor-widget-wrap elementor-element-populated\">\n\t\t\t\t\t\t\t\t<div class=\"elementor-element elementor-element-4e82cea9 elementor-widget elementor-widget-heading\" data-id=\"4e82cea9\" data-element_type=\"widget\" data-widget_type=\"heading.default\">\n\t\t\t\t<div class=\"elementor-widget-container\">\n\t\t\t<h3 class=\"elementor-heading-title elementor-size-default\">WIR SIND BEREIT ZU HELFEN<\/h3>\t\t<\/div>\n\t\t\t\t<\/div>\n\t\t\t\t<div class=\"elementor-element elementor-element-43b35e71 elementor-widget elementor-widget-text-editor\" data-id=\"43b35e71\" data-element_type=\"widget\" data-widget_type=\"text-editor.default\">\n\t\t\t\t<div class=\"elementor-widget-container\">\n\t\t\t\t\t\t\t<p class=\"Corps\"><span lang=\"DE\">Ein Bed\u00fcrfnis, ein Projekt, Fragen? Wir laden Sie ein, das beigef\u00fcgte Formular auszuf\u00fcllen, um uns dar\u00fcber zu informieren oder uns eine E-Mail zu schicken. Wir werden Ihnen so schnell wie m\u00f6glich antworten.<\/span><\/p>\t\t\t\t\t\t<\/div>\n\t\t\t\t<\/div>\n\t\t\t\t<div class=\"elementor-element elementor-element-75ffd67 elementor-widget elementor-widget-bridge_icon_list_item\" data-id=\"75ffd67\" data-element_type=\"widget\" id=\"contact-mailto\" data-widget_type=\"bridge_icon_list_item.default\">\n\t\t\t\t<div class=\"elementor-widget-container\">\n\t\t\t<div class=\"q_icon_list\"><span aria-hidden=\"true\" class=\"qode_icon_font_elegant icon_mail qode-ili-icon-holder transparent\" style=\"color: #0D2F4B;\" ><\/span><p style=\"color:#4A4A4A;font-size: 18px;\"><a href=\"mailto:contact@jicap-performance.com\/en-v2\">contact@jicap-performance.com<\/a><\/p><\/div>\t\t<\/div>\n\t\t\t\t<\/div>\n\t\t\t\t<div class=\"elementor-element elementor-element-d141a05 elementor-widget elementor-widget-bridge_button_v2\" data-id=\"d141a05\" data-element_type=\"widget\" data-settings=\"{&quot;_animation&quot;:&quot;none&quot;}\" data-widget_type=\"bridge_button_v2.default\">\n\t\t\t\t<div class=\"elementor-widget-container\">\n\t\t\t\n\n\t<a href=\"https:\/\/fr.linkedin.com\/company\/jicap-performance\" target=\"_self\" style=\"color: #FFFFFF;background-color: #0D2F4B;font-family: Work Sans;font-size: 18px\" class=\"qode-btn qode-btn-medium qode-btn-solid qode-btn-custom-hover-bg qode-btn-custom-hover-color qode-btn-icon qode-btn-default-hover\" data-hover-bg-color=\"#FF960C\" data-hover-color=\"#FFFFFF\" >\n\t    <span class=\"qode-btn-text\">Folgen Sie uns auf LinkedIn<\/span><span class=\"qode-button-v2-icon-holder\"  ><i class=\"qode_icon_font_awesome_5 fa5 fab fa-linkedin qode-button-v2-icon-holder-inner\" ><\/i><\/span>\t<\/a>\n\n\t\t<\/div>\n\t\t\t\t<\/div>\n\t\t\t\t\t<\/div>\n\t\t<\/div>\n\t\t\t\t<div class=\"elementor-column elementor-col-50 elementor-top-column elementor-element elementor-element-1cf3997\" data-id=\"1cf3997\" data-element_type=\"column\">\n\t\t\t<div class=\"elementor-widget-wrap elementor-element-populated\">\n\t\t\t\t\t\t\t\t<div class=\"elementor-element elementor-element-0b86884 elementor-widget elementor-widget-bridge_cf_7\" data-id=\"0b86884\" data-element_type=\"widget\" data-widget_type=\"bridge_cf_7.default\">\n\t\t\t\t<div class=\"elementor-widget-container\">\n\t\t\t    <div class=\"qode-contact-form-7 qode-contact-form-7-0\">\n    \n<div class=\"wpcf7 no-js\" id=\"wpcf7-f196-o1\" lang=\"en-US\" dir=\"ltr\">\n<div class=\"screen-reader-response\"><p role=\"status\" aria-live=\"polite\" aria-atomic=\"true\"><\/p> <ul><\/ul><\/div>\n<form action=\"\/ch-de\/wp-json\/wp\/v2\/pages\/12369#wpcf7-f196-o1\" method=\"post\" class=\"wpcf7-form init cf7_custom_style_1\" aria-label=\"Contact form\" novalidate=\"novalidate\" data-status=\"init\">\n<div style=\"display: none;\">\n<input type=\"hidden\" name=\"_wpcf7\" value=\"196\" \/>\n<input type=\"hidden\" name=\"_wpcf7_version\" value=\"5.7.7\" \/>\n<input type=\"hidden\" name=\"_wpcf7_locale\" value=\"en_US\" \/>\n<input type=\"hidden\" name=\"_wpcf7_unit_tag\" value=\"wpcf7-f196-o1\" \/>\n<input type=\"hidden\" name=\"_wpcf7_container_post\" value=\"0\" \/>\n<input type=\"hidden\" name=\"_wpcf7_posted_data_hash\" value=\"\" \/>\n<input type=\"hidden\" name=\"_wpcf7_recaptcha_response\" value=\"\" \/>\n<\/div>\n<p><span class=\"wpcf7-form-control-wrap\" data-name=\"VotreNom\"><input size=\"40\" class=\"wpcf7-form-control wpcf7-text wpcf7-validates-as-required\" aria-required=\"true\" aria-invalid=\"false\" placeholder=\"Vorname und nachname*\" value=\"\" type=\"text\" name=\"VotreNom\" \/><\/span><br \/>\n<span class=\"wpcf7-form-control-wrap\" data-name=\"VotreEntreprise\"><input size=\"40\" class=\"wpcf7-form-control wpcf7-text wpcf7-validates-as-required\" aria-required=\"true\" aria-invalid=\"false\" placeholder=\"Unternehmen*\" value=\"\" type=\"text\" name=\"VotreEntreprise\" \/><\/span><br \/>\n<span class=\"wpcf7-form-control-wrap\" data-name=\"Votreemail\"><input size=\"40\" class=\"wpcf7-form-control wpcf7-text wpcf7-email wpcf7-validates-as-required wpcf7-validates-as-email\" aria-required=\"true\" aria-invalid=\"false\" placeholder=\"Ihre Email*\" value=\"\" type=\"email\" name=\"Votreemail\" \/><\/span><br \/>\n<span class=\"wpcf7-form-control-wrap\" data-name=\"Votremessage\"><textarea cols=\"40\" rows=\"10\" class=\"wpcf7-form-control wpcf7-textarea wpcf7-validates-as-required\" aria-required=\"true\" aria-invalid=\"false\" placeholder=\"Ihre nachricht*\" name=\"Votremessage\"><\/textarea><\/span><br \/>\n<input class=\"wpcf7-form-control has-spinner wpcf7-submit\" type=\"submit\" value=\"Senden\" \/>\n<\/p><div class=\"wpcf7-response-output\" aria-hidden=\"true\"><\/div>\n<\/form>\n<\/div>\n    <\/div>\n\t\t<\/div>\n\t\t\t\t<\/div>\n\t\t\t\t\t<\/div>\n\t\t<\/div>\n\t\t\t\t\t\t\t<\/div>\n\t\t<\/section>\n\t\t\t\t<section class=\"elementor-section elementor-top-section elementor-element elementor-element-ec204db elementor-section-stretched elementor-section-boxed elementor-section-height-default elementor-section-height-default parallax_section_no qode_elementor_container_no\" data-id=\"ec204db\" data-element_type=\"section\" data-settings=\"{&quot;stretch_section&quot;:&quot;section-stretched&quot;,&quot;background_background&quot;:&quot;classic&quot;,&quot;shape_divider_top&quot;:&quot;opacity-fan&quot;}\">\n\t\t\t\t\t<div class=\"elementor-shape elementor-shape-top\" data-negative=\"false\">\n\t\t\t<svg xmlns=\"http:\/\/www.w3.org\/2000\/svg\" viewBox=\"0 0 283.5 19.6\" preserveAspectRatio=\"none\">\n\t<path class=\"elementor-shape-fill\" style=\"opacity:0.33\" d=\"M0 0L0 18.8 141.8 4.1 283.5 18.8 283.5 0z\"\/>\n\t<path class=\"elementor-shape-fill\" style=\"opacity:0.33\" d=\"M0 0L0 12.6 141.8 4 283.5 12.6 283.5 0z\"\/>\n\t<path class=\"elementor-shape-fill\" style=\"opacity:0.33\" d=\"M0 0L0 6.4 141.8 4 283.5 6.4 283.5 0z\"\/>\n\t<path class=\"elementor-shape-fill\" d=\"M0 0L0 1.2 141.8 4 283.5 1.2 283.5 0z\"\/>\n<\/svg>\t\t<\/div>\n\t\t\t\t\t<div class=\"elementor-container elementor-column-gap-default\">\n\t\t\t\t\t<div class=\"elementor-column elementor-col-50 elementor-top-column elementor-element elementor-element-305c413\" data-id=\"305c413\" data-element_type=\"column\">\n\t\t\t<div class=\"elementor-widget-wrap elementor-element-populated\">\n\t\t\t\t\t\t\t\t<div class=\"elementor-element elementor-element-579f994 elementor-widget elementor-widget-heading\" data-id=\"579f994\" data-element_type=\"widget\" data-widget_type=\"heading.default\">\n\t\t\t\t<div class=\"elementor-widget-container\">\n\t\t\t<h3 class=\"elementor-heading-title elementor-size-default\">JICAP France<\/h3>\t\t<\/div>\n\t\t\t\t<\/div>\n\t\t\t\t<div class=\"elementor-element elementor-element-075fd18 elementor-widget-divider--view-line elementor-widget elementor-widget-divider\" data-id=\"075fd18\" data-element_type=\"widget\" data-widget_type=\"divider.default\">\n\t\t\t\t<div class=\"elementor-widget-container\">\n\t\t\t\t\t<div class=\"elementor-divider\">\n\t\t\t<span class=\"elementor-divider-separator\">\n\t\t\t\t\t\t<\/span>\n\t\t<\/div>\n\t\t\t\t<\/div>\n\t\t\t\t<\/div>\n\t\t\t\t<div class=\"elementor-element elementor-element-5a5cbf7 elementor-widget elementor-widget-text-editor\" data-id=\"5a5cbf7\" data-element_type=\"widget\" data-widget_type=\"text-editor.default\">\n\t\t\t\t<div class=\"elementor-widget-container\">\n\t\t\t\t\t\t\t<p style=\"text-align: center;\">7 Boulevard Haussmann<br \/>75009 Paris, France<\/p>\t\t\t\t\t\t<\/div>\n\t\t\t\t<\/div>\n\t\t\t\t\t<\/div>\n\t\t<\/div>\n\t\t\t\t<div class=\"elementor-column elementor-col-50 elementor-top-column elementor-element elementor-element-3ea7e6a\" data-id=\"3ea7e6a\" data-element_type=\"column\">\n\t\t\t<div class=\"elementor-widget-wrap elementor-element-populated\">\n\t\t\t\t\t\t\t\t<div class=\"elementor-element elementor-element-094be34 elementor-widget elementor-widget-heading\" data-id=\"094be34\" data-element_type=\"widget\" data-widget_type=\"heading.default\">\n\t\t\t\t<div class=\"elementor-widget-container\">\n\t\t\t<h3 class=\"elementor-heading-title elementor-size-default\">JICAP Switzerland<\/h3>\t\t<\/div>\n\t\t\t\t<\/div>\n\t\t\t\t<div class=\"elementor-element elementor-element-431b884 elementor-widget-divider--view-line elementor-widget elementor-widget-divider\" data-id=\"431b884\" data-element_type=\"widget\" data-widget_type=\"divider.default\">\n\t\t\t\t<div class=\"elementor-widget-container\">\n\t\t\t\t\t<div class=\"elementor-divider\">\n\t\t\t<span class=\"elementor-divider-separator\">\n\t\t\t\t\t\t<\/span>\n\t\t<\/div>\n\t\t\t\t<\/div>\n\t\t\t\t<\/div>\n\t\t\t\t<div class=\"elementor-element elementor-element-5ed4190 elementor-widget elementor-widget-text-editor\" data-id=\"5ed4190\" data-element_type=\"widget\" data-widget_type=\"text-editor.default\">\n\t\t\t\t<div class=\"elementor-widget-container\">\n\t\t\t\t\t\t\t<p style=\"text-align: center;\">Route de Saint-Julien 5B<br \/>1227 Carouge, Switzerland<\/p>\t\t\t\t\t\t<\/div>\n\t\t\t\t<\/div>\n\t\t\t\t\t<\/div>\n\t\t<\/div>\n\t\t\t\t\t\t\t<\/div>\n\t\t<\/section>\n\t\t\t\t\t\t\t<\/div>\n\t\t","protected":false},"excerpt":{"rendered":"<p>Kontakt Unsere Teams in Frankreich und der Schweiz sind bereit, Sie zu unterst\u00fctzen. WIR SIND BEREIT ZU HELFEN Ein Bed\u00fcrfnis, ein Projekt, Fragen? Wir laden Sie ein, das beigef\u00fcgte Formular auszuf\u00fcllen, um uns dar\u00fcber zu informieren oder uns eine E-Mail zu schicken. Wir werden Ihnen&#8230;<\/p>\n","protected":false},"author":2,"featured_media":0,"parent":0,"menu_order":0,"comment_status":"closed","ping_status":"closed","template":"","meta":{"om_disable_all_campaigns":false,"_monsterinsights_skip_tracking":false,"_monsterinsights_sitenote_active":false,"_monsterinsights_sitenote_note":"","_monsterinsights_sitenote_category":0},"_links":{"self":[{"href":"https:\/\/jicap-performance.com\/ch-de\/wp-json\/wp\/v2\/pages\/12369"}],"collection":[{"href":"https:\/\/jicap-performance.com\/ch-de\/wp-json\/wp\/v2\/pages"}],"about":[{"href":"https:\/\/jicap-performance.com\/ch-de\/wp-json\/wp\/v2\/types\/page"}],"author":[{"embeddable":true,"href":"https:\/\/jicap-performance.com\/ch-de\/wp-json\/wp\/v2\/users\/2"}],"replies":[{"embeddable":true,"href":"https:\/\/jicap-performance.com\/ch-de\/wp-json\/wp\/v2\/comments?post=12369"}],"version-history":[{"count":19,"href":"https:\/\/jicap-performance.com\/ch-de\/wp-json\/wp\/v2\/pages\/12369\/revisions"}],"predecessor-version":[{"id":13743,"href":"https:\/\/jicap-performance.com\/ch-de\/wp-json\/wp\/v2\/pages\/12369\/revisions\/13743"}],"wp:attachment":[{"href":"https:\/\/jicap-performance.com\/ch-de\/wp-json\/wp\/v2\/media?parent=12369"}],"curies":[{"name":"wp","href":"https:\/\/api.w.org\/{rel}","templated":true}]}}